{"id":11,"date":"2026-04-19T15:55:03","date_gmt":"2026-04-19T13:55:03","guid":{"rendered":"https:\/\/primarwelt.ch\/?page_id=11"},"modified":"2026-04-19T16:34:06","modified_gmt":"2026-04-19T14:34:06","slug":"startseite","status":"publish","type":"page","link":"https:\/\/primarwelt.ch\/","title":{"rendered":"Primarwelt"},"content":{"rendered":"\n<p>Willkommen auf unserer Primarschulseite.<\/p>\n\n\n\n<div class=\"wp-block-buttons is-layout-flex wp-block-buttons-is-layout-flex\">\n<div class=\"wp-block-button\"><a class=\"wp-block-button__link wp-element-button\">Material entdecken<\/a><\/div>\n<\/div>\n\n\n\n<div class=\"wp-block-columns is-layout-flex wp-container-core-columns-is-layout-9d6595d7 wp-block-columns-is-layout-flex\">\n<div class=\"wp-block-column has-theme-palette-7-background-color has-background is-layout-flow wp-block-column-is-layout-flow\" style=\"flex-basis:33.34%\">\n<h2 class=\"wp-block-heading\"><a href=\"https:\/\/primarwelt.ch\/?page_id=17\" data-type=\"page\" data-id=\"17\">F\u00fcr Lehrpersonen<\/a><\/h2>\n\n\n\n<p>Fertige Materialien f\u00fcr deinen Unterricht<\/p>\n<\/div>\n\n\n\n<div class=\"wp-block-column has-theme-palette-7-background-color has-background is-layout-flow wp-block-column-is-layout-flow\"><\/div>\n\n\n\n<div class=\"wp-block-column has-theme-palette-7-background-color has-background is-layout-flow wp-block-column-is-layout-flow\" style=\"flex-basis:33.33%\">\n<h2 class=\"wp-block-heading\"><a href=\"https:\/\/primarwelt.ch\/?page_id=19\" data-type=\"page\" data-id=\"19\">F\u00fcr Kinder<\/a><\/h2>\n\n\n\n<p>Einfacher Zugang \u00fcber QR Codes<\/p>\n<\/div>\n\n\n\n<div class=\"wp-block-column has-theme-palette-7-background-color has-background is-layout-flow wp-block-column-is-layout-flow\" style=\"flex-basis:33.33%\">\n<h2 class=\"wp-block-heading\"><a href=\"https:\/\/primarwelt.ch\/?page_id=21\" data-type=\"page\" data-id=\"21\">F\u00fcr echten Unterricht<\/a><\/h2>\n\n\n\n<p>Praxisnah, direkt einsetzbar im Schulalltag<\/p>\n<\/div>\n<\/div>\n\n\n\n<p><\/p>\n","protected":false},"excerpt":{"rendered":"<p>Willkommen auf unserer Primarschulseite. F\u00fcr Lehrpersonen Fertige Materialien f\u00fcr deinen Unterricht F\u00fcr Kinder Einfacher Zugang \u00fcber QR Codes F\u00fcr echten Unterricht Praxisnah, direkt einsetzbar im Schulalltag<\/p>\n","protected":false},"author":1,"featured_media":0,"parent":0,"menu_order":0,"comment_status":"closed","ping_status":"closed","template":"","meta":{"_kad_post_transparent":"","_kad_post_title":"","_kad_post_layout":"","_kad_post_sidebar_id":"","_kad_post_content_style":"","_kad_post_vertical_padding":"","_kad_post_feature":"","_kad_post_feature_position":"","_kad_post_header":false,"_kad_post_footer":false,"_kad_post_classname":"","footnotes":""},"class_list":["post-11","page","type-page","status-publish","hentry"],"_links":{"self":[{"href":"https:\/\/primarwelt.ch\/index.php?rest_route=\/wp\/v2\/pages\/11","targetHints":{"allow":["GET"]}}],"collection":[{"href":"https:\/\/primarwelt.ch\/index.php?rest_route=\/wp\/v2\/pages"}],"about":[{"href":"https:\/\/primarwelt.ch\/index.php?rest_route=\/wp\/v2\/types\/page"}],"author":[{"embeddable":true,"href":"https:\/\/primarwelt.ch\/index.php?rest_route=\/wp\/v2\/users\/1"}],"replies":[{"embeddable":true,"href":"https:\/\/primarwelt.ch\/index.php?rest_route=%2Fwp%2Fv2%2Fcomments&post=11"}],"version-history":[{"count":4,"href":"https:\/\/primarwelt.ch\/index.php?rest_route=\/wp\/v2\/pages\/11\/revisions"}],"predecessor-version":[{"id":24,"href":"https:\/\/primarwelt.ch\/index.php?rest_route=\/wp\/v2\/pages\/11\/revisions\/24"}],"wp:attachment":[{"href":"https:\/\/primarwelt.ch\/index.php?rest_route=%2Fwp%2Fv2%2Fmedia&parent=11"}],"curies":[{"name":"wp","href":"https:\/\/api.w.org\/{rel}","templated":true}]}}